{"id":54,"date":"2021-10-15T12:32:17","date_gmt":"2021-10-15T12:32:17","guid":{"rendered":"https:\/\/bk-healthcare.com\/?page_id=54"},"modified":"2024-04-23T14:18:09","modified_gmt":"2024-04-23T14:18:09","slug":"about","status":"publish","type":"page","link":"https:\/\/www.schueller-graphik.de\/Wordpress\/about","title":{"rendered":"Wer ist BK Healthcare?"},"content":{"rendered":"<\/p>\n\n\n<h1 class=\"wp-block-heading has-text-align-center has-virtue-primary-color has-text-color\">Wer ist BK Healthcare?<\/h1>\n\n\n\n<div class=\"wp-block-columns has-very-light-gray-background-color has-background is-layout-flex wp-container-core-columns-is-layout-9d6595d7 wp-block-columns-is-layout-flex\">\n<div class=\"wp-block-column is-layout-flow wp-block-column-is-layout-flow\" style=\"flex-basis:50%\">\n<h3 class=\"wp-block-heading has-virtue-primary-color has-text-color\">Nancy Nam<br>CEO, BK Healthcare Co, Ltd.&nbsp;<\/h3>\n\n\n\n<p>Nancy Nam ist die Eigent\u00fcmerin des Unternehmens \u201eBK Healthcare\u201c mit Sitz in Seoul. <br><br>BK Healthcare produziert in S\u00fcdkorea Corona-Schutzmasken. <br>Alle Rohstoffe stammen aus s\u00fcdkoreanischer Produktion. <br><br>Zur BK-Healthcare Produktpalette geh\u00f6ren dar\u00fcber hinaus &#8222;BK Gloves&#8220; Nitril-Einmalhandschuhe. <br><br>Innerhalb der BK Group mit Sitz in Hongkong und Beijing hat Nancy Nam ein umfangreiches Produktionsnetzwerk in S\u00fcdkorea und China aufgebaut. Sie ist beteiligt an strategischen Investitionen und \u00fcberwacht das Lieferketten-Management.<\/p>\n<\/div>\n\n\n\n<div class=\"wp-block-column is-layout-flow wp-block-column-is-layout-flow\" style=\"flex-basis:50%\"><div class=\"wp-block-image is-style-default\">\n<figure class=\"aligncenter size-large is-resized\"><img loading=\"lazy\" decoding=\"async\" width=\"777\" height=\"1024\" src=\"https:\/\/www.schueller-graphik.de\/Wordpress\/wp-content\/uploads\/2021\/12\/nancy_nam-777x1024.jpg\" alt=\"\" class=\"wp-image-338\" style=\"aspect-ratio:0.7587890625;width:253px;height:auto\" srcset=\"https:\/\/www.schueller-graphik.de\/Wordpress\/wp-content\/uploads\/2021\/12\/nancy_nam-777x1024.jpg 777w, https:\/\/www.schueller-graphik.de\/Wordpress\/wp-content\/uploads\/2021\/12\/nancy_nam-228x300.jpg 228w, https:\/\/www.schueller-graphik.de\/Wordpress\/wp-content\/uploads\/2021\/12\/nancy_nam-768x1012.jpg 768w, https:\/\/www.schueller-graphik.de\/Wordpress\/wp-content\/uploads\/2021\/12\/nancy_nam-1165x1536.jpg 1165w, https:\/\/www.schueller-graphik.de\/Wordpress\/wp-content\/uploads\/2021\/12\/nancy_nam-1554x2048.jpg 1554w, https:\/\/www.schueller-graphik.de\/Wordpress\/wp-content\/uploads\/2021\/12\/nancy_nam-scaled.jpg 1942w\" sizes=\"auto, (max-width: 777px) 100vw, 777px\" \/><figcaption class=\"wp-element-caption\">Nancy Nam<\/figcaption><\/figure>\n<\/div><\/div>\n<\/div>\n\n\n\n<figure class=\"wp-block-video\"><video height=\"720\" style=\"aspect-ratio: 1280 \/ 720;\" width=\"1280\" controls poster=\"https:\/\/www.schueller-graphik.de\/Wordpress\/wp-content\/uploads\/2021\/12\/bk_rot_512.png\" src=\"https:\/\/www.schueller-graphik.de\/Wordpress\/wp-content\/uploads\/2024\/04\/MASKENFILM_EDIT_008_PICLOCK_SUBS_WECHAT.mp4\"><\/video><\/figure>\n\n\n\n<div class=\"wp-block-columns is-layout-flex wp-container-core-columns-is-layout-9d6595d7 wp-block-columns-is-layout-flex\">\n<div class=\"wp-block-column has-very-light-gray-background-color has-background is-layout-flow wp-block-column-is-layout-flow\">\n<h2 class=\"wp-block-heading has-virtue-primary-color has-text-color\">Lieferkonditionen<\/h2>\n\n\n\n<p>BK Healthcare arbeitet seit mehr als 20 Jahren mit Logistikunternehmen in S\u00fcdkorea und China und verf\u00fcgt \u00fcber exklusive Liefervereinbarungen in beiden L\u00e4ndern. Unser Lieferkettenmanagement ist hocheffizient und zuverl\u00e4ssig. Wir k\u00f6nnen FOB\/CIF\/DDU\/DDP- Handelskonditionen entsprechend der Menge und den Anforderungen der Kunden anbieten und Charter-\/Flug-\/Zug-\/Schiffstransporte arrangieren.&nbsp;<\/p>\n<\/div>\n<\/div>\n\n\n\n<div class=\"wp-block-columns is-layout-flex wp-container-core-columns-is-layout-9d6595d7 wp-block-columns-is-layout-flex\">\n<div class=\"wp-block-column has-very-light-gray-background-color has-background is-layout-flow wp-block-column-is-layout-flow\">\n<h2 class=\"wp-block-heading has-virtue-primary-color has-text-color\">BK Healthcare<\/h2>\n\n\n\n<p>BKHC Healthcare Co., Ltd. mit Sitz in Seoul, S\u00fcdkorea, ist Teil der &#8222;BK Group&#8220;, zu der HBK, Hongkong BK Limited, das Fenster zum \u00dcberseemarkt und BBK, Beijing Huaxinbanke Trading Co.Ltd., mit Sitz in Beiijing geh\u00f6ren.<\/p>\n\n\n\n<p>BK Healthcare verf\u00fcgt \u00fcber eigene qualit\u00e4tsgepr\u00fcfte Produktionsst\u00e4tten in Korea und China und ein exklusives Netz an Zulieferern. Unsere Lieferketten sind maximal kurz.&nbsp; Unsere Produkte verf\u00fcgen \u00fcber alle l\u00e4nderspezifischen Zertifizierungen (wie: ISO9001,ISO13485,ENISO13485,CMDCAS ISO13485,QSR820,YY\/T0287,JIST9116. Produkte: CE, FDA 510K, etc.) und sind von h\u00f6chster Qualit\u00e4t.<\/p>\n\n\n\n<p>Unsere Transport- und Handelswege sind transparent, professionell und zuverl\u00e4ssig organisiert.<\/p>\n<\/div>\n<\/div>\n\n\n\n<div class=\"wp-block-columns is-layout-flex wp-container-core-columns-is-layout-9d6595d7 wp-block-columns-is-layout-flex\">\n<div class=\"wp-block-column has-very-light-gray-background-color has-background is-layout-flow wp-block-column-is-layout-flow\">\n<h2 class=\"wp-block-heading has-virtue-primary-color has-text-color\">Kontakt<\/h2>\n\n\n\n<p>Bitte kontaktieren Sie unser Team, um mehr dar\u00fcber zu erfahren, wie wir Ihre spezifischen Anforderungen erf\u00fcllen k\u00f6nnen. Gerne sprechen wir auch mit Ihnen in Zoom-Konferenzen \u00fcber Ihre Anliegen und konkreten Fragen.<\/p>\n\n\n\n<p><a href=\"mailto:bk@bkhc.co.kr\">bk@bkhc.co.kr<\/a><\/p>\n\n\n\n<p>10-28 Industrial Complex-gil, Eungcheon-eup,<br>Boryeong-si, Chungcheongnam-do, Republic of Korea<br><br>+82 10 4941 3508 (Korea)<br>+86 137 0128 3508 (China)<\/p>\n\n\n\n<p><strong>Nancy Nam<\/strong><br>CEO, BK Healthcare Co., Ltd.&nbsp;<br><br>www.bk-healthcare.com<br><br>\u2014\u2014\u2014\u2014\u2014\u2014\u2014\u2014\u2014\u2014<br><br><strong><em>European Sales<\/em><\/strong><br>BK-NamKa GmbH<br>Pfaffendorfer Stra\u00dfe 25<br>04105 Leipzig<br>Germany<br>E-Mail: post@karstenhohmann.de<br>+86 18500 30 2552<br><br><\/p>\n\n\n\n<p>Wir freuen uns auf gute Zusammenarbeit und vertrauensvolle dauerhafte Gesch\u00e4ftsbeziehungen.<\/p>\n\n\n\n<p>Mit freundlichen Gr\u00fc\u00dfen,<\/p>\n\n\n\n<p><strong>NANCY NAM<\/strong><\/p>\n<\/div>\n<\/div>\n\n\n\n<figure class=\"wp-block-image size-large is-style-default\"><img loading=\"lazy\" decoding=\"async\" width=\"216\" height=\"49\" src=\"https:\/\/www.schueller-graphik.de\/Wordpress\/wp-content\/uploads\/2024\/04\/bk_healthcare.svg\" alt=\"\" class=\"wp-image-1023\"\/><\/figure>\n\n\n<p>","protected":false},"excerpt":{"rendered":"<p>Wer ist BK Healthcare? Nancy NamCEO, BK Healthcare Co, Ltd.&nbsp; Nancy Nam ist die Eigent\u00fcmerin des Unternehmens \u201eBK Healthcare\u201c mit Sitz in Seoul. BK Healthcare produziert in S\u00fcdkorea Corona-Schutzmasken. Alle Rohstoffe stammen aus s\u00fcdkoreanischer Produktion. Zur BK-Healthcare Produktpalette geh\u00f6ren dar\u00fcber &hellip; <a href=\"https:\/\/www.schueller-graphik.de\/Wordpress\/about\">Weiter<\/a><\/p>\n","protected":false},"author":1,"featured_media":0,"parent":0,"menu_order":0,"comment_status":"closed","ping_status":"closed","template":"","meta":{"footnotes":""},"class_list":["post-54","page","type-page","status-publish","hentry"],"translation":{"provider":"WPGlobus","version":"3.0.0","language":"de","enabled_languages":["de","en"],"languages":{"de":{"title":true,"content":true,"excerpt":false},"en":{"title":true,"content":true,"excerpt":false}}},"_links":{"self":[{"href":"https:\/\/www.schueller-graphik.de\/Wordpress\/wp-json\/wp\/v2\/pages\/54","targetHints":{"allow":["GET"]}}],"collection":[{"href":"https:\/\/www.schueller-graphik.de\/Wordpress\/wp-json\/wp\/v2\/pages"}],"about":[{"href":"https:\/\/www.schueller-graphik.de\/Wordpress\/wp-json\/wp\/v2\/types\/page"}],"author":[{"embeddable":true,"href":"https:\/\/www.schueller-graphik.de\/Wordpress\/wp-json\/wp\/v2\/users\/1"}],"replies":[{"embeddable":true,"href":"https:\/\/www.schueller-graphik.de\/Wordpress\/wp-json\/wp\/v2\/comments?post=54"}],"version-history":[{"count":105,"href":"https:\/\/www.schueller-graphik.de\/Wordpress\/wp-json\/wp\/v2\/pages\/54\/revisions"}],"predecessor-version":[{"id":1054,"href":"https:\/\/www.schueller-graphik.de\/Wordpress\/wp-json\/wp\/v2\/pages\/54\/revisions\/1054"}],"wp:attachment":[{"href":"https:\/\/www.schueller-graphik.de\/Wordpress\/wp-json\/wp\/v2\/media?parent=54"}],"curies":[{"name":"wp","href":"https:\/\/api.w.org\/{rel}","templated":true}]}}