{"id":7,"date":"2021-10-15T11:05:23","date_gmt":"2021-10-15T11:05:23","guid":{"rendered":"https:\/\/bk-healthcare.com\/?page_id=7"},"modified":"2021-12-03T12:39:47","modified_gmt":"2021-12-03T12:39:47","slug":"kontakt","status":"publish","type":"page","link":"https:\/\/www.schueller-graphik.de\/Wordpress\/kontakt","title":{"rendered":"Kontakt"},"content":{"rendered":"\n<div class=\"wp-block-columns is-layout-flex wp-container-core-columns-is-layout-9d6595d7 wp-block-columns-is-layout-flex\">\n<div class=\"wp-block-column is-layout-flow wp-block-column-is-layout-flow\">\n<h2 class=\"has-virtue-primary-color has-text-color wp-block-heading\">Kontakt<\/h2>\n<\/div>\n<\/div>\n\n\n\n<div class=\"wp-block-columns is-layout-flex wp-container-core-columns-is-layout-9d6595d7 wp-block-columns-is-layout-flex\">\n<div class=\"wp-block-column is-layout-flow wp-block-column-is-layout-flow\">\n<p>Bitte kontaktieren Sie unser Team, um mehr dar\u00fcber zu erfahren, wie wir Ihre spezifischen Anforderungen erf\u00fcllen k\u00f6nnen. Gerne sprechen wir auch mit Ihnen in Zoom-Konferenzen \u00fcber Ihre Anliegen und konkreten Fragen.<\/p>\n\n\n\n<p><a href=\"mailto:nancynam@bkwithu.com\"><\/a><a href=\"mailto:nancy@bkhc.co.kr\">nanancy@bkhc.co.kr<\/a><br><br><a href=\"mailto:bk@bkhc.co.kr\" data-type=\"mailto\" data-id=\"mailto:bk@bkhc.co.kr\">bk@bkhc.co.kr<\/a><br><\/p>\n\n\n\n<p>10-28 Industrial Complex-gil, Eungcheon-eup,<br>Boryeong-si, Chungcheongnam-do, Republic of Korea<br><br>+82 10 4941 3508 (Korea)<br>+86 137 0128 3508 (China)<\/p>\n\n\n\n<p><strong>Nancy Nam<\/strong><br>CEO,  BK Healthcare Co., Ltd.\u00a0<br><br>www.bk-healthcare.com<br><br>&#8212;&#8212;&#8212;&#8212;&#8212;&#8212;&#8212;&#8212;&#8212;&#8212;<br><br><strong><em>European Sales<\/em><\/strong><br>BK-NamKa GmbH<br>Pfaffendorfer Stra\u00dfe 25<br>04105 Leipzig<br>Germany<br>E-Mail: post@karstenhohmann.de<br>+86 18500 30 2552<\/p>\n<\/div>\n\n\n\n<div class=\"wp-block-column is-layout-flow wp-block-column-is-layout-flow\">\n<div class=\"wp-block-contact-form-7-contact-form-selector\">\n<div class=\"wpcf7 no-js\" id=\"wpcf7-f548-o1\" lang=\"de-DE\" dir=\"ltr\" data-wpcf7-id=\"548\">\n<div class=\"screen-reader-response\"><p role=\"status\" aria-live=\"polite\" aria-atomic=\"true\"><\/p> <ul><\/ul><\/div>\n<form action=\"\/Wordpress\/wp-json\/wp\/v2\/pages\/7#wpcf7-f548-o1\" method=\"post\" class=\"wpcf7-form init\" aria-label=\"Kontaktformular\" novalidate=\"novalidate\" data-status=\"init\">\n<div style=\"display: none;\">\n<input type=\"hidden\" name=\"_wpcf7\" value=\"548\" \/>\n<input type=\"hidden\" name=\"_wpcf7_version\" value=\"6.0.4\" \/>\n<input type=\"hidden\" name=\"_wpcf7_locale\" value=\"de_DE\" \/>\n<input type=\"hidden\" name=\"_wpcf7_unit_tag\" value=\"wpcf7-f548-o1\" \/>\n<input type=\"hidden\" name=\"_wpcf7_container_post\" value=\"0\" \/>\n<input type=\"hidden\" name=\"_wpcf7_posted_data_hash\" value=\"\" \/>\n<\/div>\n<p><label> Name<br \/>\n<span class=\"wpcf7-form-control-wrap\" data-name=\"your-name\"><input size=\"40\" maxlength=\"400\" class=\"wpcf7-form-control wpcf7-text wpcf7-validates-as-required\" aria-required=\"true\" aria-invalid=\"false\" value=\"\" type=\"text\" name=\"your-name\" \/><\/span> <\/label>\n<\/p>\n<p><label> E-Mail<br \/>\n<span class=\"wpcf7-form-control-wrap\" data-name=\"your-email\"><input size=\"40\" maxlength=\"400\" class=\"wpcf7-form-control wpcf7-email wpcf7-validates-as-required wpcf7-text wpcf7-validates-as-email\" aria-required=\"true\" aria-invalid=\"false\" value=\"\" type=\"email\" name=\"your-email\" \/><\/span> <\/label>\n<\/p>\n<p><label> Betreff \/ Subject<br \/>\n<span class=\"wpcf7-form-control-wrap\" data-name=\"your-subject\"><input size=\"40\" maxlength=\"400\" class=\"wpcf7-form-control wpcf7-text wpcf7-validates-as-required\" aria-required=\"true\" aria-invalid=\"false\" value=\"\" type=\"text\" name=\"your-subject\" \/><\/span> <\/label>\n<\/p>\n<p><label> Ihre Nachricht \/ Your Message (optional)<br \/>\n<span class=\"wpcf7-form-control-wrap\" data-name=\"your-message\"><textarea cols=\"40\" rows=\"10\" maxlength=\"2000\" class=\"wpcf7-form-control wpcf7-textarea\" aria-invalid=\"false\" name=\"your-message\"><\/textarea><\/span> <\/label>\n<\/p>\n<p><input class=\"wpcf7-form-control wpcf7-submit has-spinner\" type=\"submit\" value=\"Senden\" \/>\n<\/p><div class=\"wpcf7-response-output\" aria-hidden=\"true\"><\/div>\n<\/form>\n<\/div>\n<\/div>\n<\/div>\n<\/div>\n\n\n\n<p><\/p>\n","protected":false},"excerpt":{"rendered":"<p>Kontakt Bitte kontaktieren Sie unser Team, um mehr dar\u00fcber zu erfahren, wie wir Ihre spezifischen Anforderungen erf\u00fcllen k\u00f6nnen. Gerne sprechen wir auch mit Ihnen in Zoom-Konferenzen \u00fcber Ihre Anliegen und konkreten Fragen. nanancy@bkhc.co.kr bk@bkhc.co.kr 10-28 Industrial Complex-gil, Eungcheon-eup,Boryeong-si, Chungcheongnam-do, Republic &hellip; <a href=\"https:\/\/www.schueller-graphik.de\/Wordpress\/kontakt\">Weiter<\/a><\/p>\n","protected":false},"author":1,"featured_media":0,"parent":0,"menu_order":0,"comment_status":"closed","ping_status":"closed","template":"","meta":{"footnotes":""},"class_list":["post-7","page","type-page","status-publish","hentry"],"translation":{"provider":"WPGlobus","version":"3.0.0","language":"de","enabled_languages":["de","en"],"languages":{"de":{"title":true,"content":true,"excerpt":false},"en":{"title":true,"content":true,"excerpt":false}}},"_links":{"self":[{"href":"https:\/\/www.schueller-graphik.de\/Wordpress\/wp-json\/wp\/v2\/pages\/7","targetHints":{"allow":["GET"]}}],"collection":[{"href":"https:\/\/www.schueller-graphik.de\/Wordpress\/wp-json\/wp\/v2\/pages"}],"about":[{"href":"https:\/\/www.schueller-graphik.de\/Wordpress\/wp-json\/wp\/v2\/types\/page"}],"author":[{"embeddable":true,"href":"https:\/\/www.schueller-graphik.de\/Wordpress\/wp-json\/wp\/v2\/users\/1"}],"replies":[{"embeddable":true,"href":"https:\/\/www.schueller-graphik.de\/Wordpress\/wp-json\/wp\/v2\/comments?post=7"}],"version-history":[{"count":31,"href":"https:\/\/www.schueller-graphik.de\/Wordpress\/wp-json\/wp\/v2\/pages\/7\/revisions"}],"predecessor-version":[{"id":1055,"href":"https:\/\/www.schueller-graphik.de\/Wordpress\/wp-json\/wp\/v2\/pages\/7\/revisions\/1055"}],"wp:attachment":[{"href":"https:\/\/www.schueller-graphik.de\/Wordpress\/wp-json\/wp\/v2\/media?parent=7"}],"curies":[{"name":"wp","href":"https:\/\/api.w.org\/{rel}","templated":true}]}}